{"id":459,"date":"2020-11-09T04:53:34","date_gmt":"2020-11-09T03:53:34","guid":{"rendered":"https:\/\/festivalnouvellesvueshaiti.com\/fr\/?page_id=459"},"modified":"2020-11-13T01:45:48","modified_gmt":"2020-11-13T00:45:48","slug":"apropos","status":"publish","type":"page","link":"https:\/\/festivalnouvellesvueshaiti.com\/fr\/apropos\/","title":{"rendered":"Apropos"},"content":{"rendered":"\t\t<div data-elementor-type=\"wp-post\" data-elementor-id=\"459\" class=\"elementor elementor-459\" data-elementor-post-type=\"page\">\n\t\t\t\t\t\t<section class=\"has_eae_slider elementor-section elementor-top-section elementor-element elementor-element-80ee8ea elementor-section-boxed elementor-section-height-default elementor-section-height-default\" data-eae-slider=\"75188\" data-id=\"80ee8ea\" data-element_type=\"section\" data-e-type=\"section\">\n\t\t\t\t\t\t<div class=\"elementor-container elementor-column-gap-default\">\n\t\t\t\t\t<div class=\"has_eae_slider elementor-column elementor-col-100 elementor-top-column elementor-element elementor-element-a82ba2c\" data-eae-slider=\"2484\" data-id=\"a82ba2c\" data-element_type=\"column\" data-e-type=\"column\">\n\t\t\t<div class=\"elementor-widget-wrap\">\n\t\t\t\t\t\t\t<\/div>\n\t\t<\/div>\n\t\t\t\t\t<\/div>\n\t\t<\/section>\n\t\t\t\t<section class=\"has_eae_slider elementor-section elementor-top-section elementor-element elementor-element-0344fed elementor-section-full_width elementor-section-height-default elementor-section-height-default\" data-eae-slider=\"81206\" data-id=\"0344fed\" data-element_type=\"section\" data-e-type=\"section\">\n\t\t\t\t\t\t<div class=\"elementor-container elementor-column-gap-default\">\n\t\t\t\t\t<div class=\"has_eae_slider elementor-column elementor-col-50 elementor-top-column elementor-element elementor-element-0100794\" data-eae-slider=\"3722\" data-id=\"0100794\" data-element_type=\"column\" data-e-type=\"column\">\n\t\t\t<div class=\"elementor-widget-wrap elementor-element-populated\">\n\t\t\t\t\t\t<div class=\"elementor-element elementor-element-c186097 elementor-widget elementor-widget-image\" data-id=\"c186097\" data-element_type=\"widget\" data-e-type=\"widget\" data-widget_type=\"image.default\">\n\t\t\t\t<div class=\"elementor-widget-container\">\n\t\t\t\t\t\t\t\t\t\t\t\t\t\t\t<img fetchpriority=\"high\" decoding=\"async\" width=\"489\" height=\"181\" src=\"https:\/\/festivalnouvellesvueshaiti.com\/fr\/wp-content\/uploads\/2020\/11\/festival-and-eye-logo-white-3.png\" class=\"attachment-full size-full wp-image-1093\" alt=\"\" srcset=\"https:\/\/festivalnouvellesvueshaiti.com\/fr\/wp-content\/uploads\/2020\/11\/festival-and-eye-logo-white-3.png 489w, https:\/\/festivalnouvellesvueshaiti.com\/fr\/wp-content\/uploads\/2020\/11\/festival-and-eye-logo-white-3-300x111.png 300w, https:\/\/festivalnouvellesvueshaiti.com\/fr\/wp-content\/uploads\/2020\/11\/festival-and-eye-logo-white-3-260x96.png 260w, https:\/\/festivalnouvellesvueshaiti.com\/fr\/wp-content\/uploads\/2020\/11\/festival-and-eye-logo-white-3-50x19.png 50w, https:\/\/festivalnouvellesvueshaiti.com\/fr\/wp-content\/uploads\/2020\/11\/festival-and-eye-logo-white-3-150x56.png 150w\" sizes=\"(max-width:767px) 480px, 489px\" \/>\t\t\t\t\t\t\t\t\t\t\t\t\t\t\t<\/div>\n\t\t\t\t<\/div>\n\t\t\t\t<div class=\"elementor-element elementor-element-e8c7373 elementor-widget elementor-widget-text-editor\" data-id=\"e8c7373\" data-element_type=\"widget\" data-e-type=\"widget\" data-widget_type=\"text-editor.default\">\n\t\t\t\t<div class=\"elementor-widget-container\">\n\t\t\t\t\t\t\t\t\t<p>Id\u00e9alement con\u00e7u pour f\u00e9d\u00e9rer les professionnel.le.s du cin\u00e9ma ha\u00eftien, le Festival Nouvelles Vues Ha\u00efti dessert depuis sa cr\u00e9ation celles et ceux qui cr\u00e9ent autant que celles et ceux qui<br \/>vendent et\/ou qui consomment les produits du septi\u00e8me art. Le festival se d\u00e9cline en<br \/>ateliers de formations, de projections et de sessions de d\u00e9bats afin que les professionnel.le.s engag\u00e9.e.s dans le m\u00e9tier en Ha\u00efti puissent faire l\u2019exp\u00e9rience de l\u2019apprentissage et de la collaboration avec leurs pairs de la sc\u00e8ne internationale.<\/p><p><br \/>Dans un pays o\u00f9 les limitations se retrouvent renforc\u00e9es par l\u2019instabilit\u00e9, les m\u00e9thodes d\u2019\u00e9ducation d\u00e9valorisantes et le non-engagement de la population aussi bien que l\u2019\u00e9tat envers la cr\u00e9ation de richesses p\u00e9rennes, susceptibles de b\u00e9n\u00e9ficier aux g\u00e9n\u00e9rations futures,<br \/>il convenait de cr\u00e9er cet espace o\u00f9 les cin\u00e9astes se sentent libres de produire sans distinction de genres, de r\u00e9gion ou d\u2019appartenance d\u2019une quelconque nature. L\u2019expression de leur cr\u00e9ativit\u00e9 n\u2019\u00e9tant pas brid\u00e9e par le festival, elles\/ils sont plus \u00e0 m\u00eame de profiter des ressources que nous mettons \u00e0 leur disposition pour enrichir leur ligne de travail et s\u2019ouvrir<br \/>au monde dans des cr\u00e9ations aussi bien ludiques qu&#8217;engag\u00e9es.<\/p><p><br \/>C\u2019est ainsi que nous avons en Ha\u00efti, depuis la cr\u00e9ation du Festival en 2016, un \u00e9v\u00e9nement qui suscite le questionnement et l\u2019engagement sur la qualit\u00e9 de production, le d\u00e9marchage internationale et la formation des g\u00e9n\u00e9rations futures afin que cette terre qui a \u00e9t\u00e9 au contact du septi\u00e8me art d\u00e8s ses premiers balbutiements, puisse se structurer afin d\u2019en s\u00e9curiser autant les cr\u00e9ateur.rice.s que les consommateur.rice.s, ainsi que les<br \/>investissements susceptibles de contribuer \u00e0 son expansion et \u00e0 la diversification de son expression.<\/p>\t\t\t\t\t\t\t\t<\/div>\n\t\t\t\t<\/div>\n\t\t\t\t\t<\/div>\n\t\t<\/div>\n\t\t\t\t<div class=\"has_eae_slider elementor-column elementor-col-50 elementor-top-column elementor-element elementor-element-bf9c9eb\" data-eae-slider=\"397\" data-id=\"bf9c9eb\" data-element_type=\"column\" data-e-type=\"column\">\n\t\t\t<div class=\"elementor-widget-wrap elementor-element-populated\">\n\t\t\t\t\t\t<section class=\"has_eae_slider elementor-section elementor-inner-section elementor-element elementor-element-24472d5 elementor-section-boxed elementor-section-height-default elementor-section-height-default\" data-eae-slider=\"90590\" data-id=\"24472d5\" data-element_type=\"section\" data-e-type=\"section\" data-settings=\"{&quot;background_background&quot;:&quot;classic&quot;}\">\n\t\t\t\t\t\t\t<div class=\"elementor-background-overlay\"><\/div>\n\t\t\t\t\t\t\t<div class=\"elementor-container elementor-column-gap-default\">\n\t\t\t\t\t<div class=\"has_eae_slider elementor-column elementor-col-100 elementor-inner-column elementor-element elementor-element-ab4596e\" data-eae-slider=\"14269\" data-id=\"ab4596e\" data-element_type=\"column\" data-e-type=\"column\" data-settings=\"{&quot;background_background&quot;:&quot;classic&quot;}\">\n\t\t\t<div class=\"elementor-widget-wrap elementor-element-populated\">\n\t\t\t\t\t\t<div class=\"elementor-element elementor-element-36265b9 elementor-widget elementor-widget-image\" data-id=\"36265b9\" data-element_type=\"widget\" data-e-type=\"widget\" data-widget_type=\"image.default\">\n\t\t\t\t<div class=\"elementor-widget-container\">\n\t\t\t\t\t\t\t\t\t\t\t\t\t\t\t<img decoding=\"async\" width=\"1630\" height=\"860\" src=\"https:\/\/festivalnouvellesvueshaiti.com\/fr\/wp-content\/uploads\/2020\/11\/3_carribean-Fantaisie-1630x860.jpg\" class=\"attachment-slider-content size-slider-content wp-image-466\" alt=\"\" \/>\t\t\t\t\t\t\t\t\t\t\t\t\t\t\t<\/div>\n\t\t\t\t<\/div>\n\t\t\t\t\t<\/div>\n\t\t<\/div>\n\t\t\t\t\t<\/div>\n\t\t<\/section>\n\t\t\t\t<section class=\"has_eae_slider elementor-section elementor-inner-section elementor-element elementor-element-99893db elementor-section-boxed elementor-section-height-default elementor-section-height-default\" data-eae-slider=\"67851\" data-id=\"99893db\" data-element_type=\"section\" data-e-type=\"section\">\n\t\t\t\t\t\t<div class=\"elementor-container elementor-column-gap-default\">\n\t\t\t\t\t<div class=\"has_eae_slider elementor-column elementor-col-100 elementor-inner-column elementor-element elementor-element-9f3d61b\" data-eae-slider=\"50825\" data-id=\"9f3d61b\" data-element_type=\"column\" data-e-type=\"column\" data-settings=\"{&quot;background_background&quot;:&quot;classic&quot;}\">\n\t\t\t<div class=\"elementor-widget-wrap elementor-element-populated\">\n\t\t\t\t\t\t<div class=\"elementor-element elementor-element-54e73ea elementor-widget elementor-widget-image\" data-id=\"54e73ea\" data-element_type=\"widget\" data-e-type=\"widget\" data-widget_type=\"image.default\">\n\t\t\t\t<div class=\"elementor-widget-container\">\n\t\t\t\t\t\t\t\t\t\t\t\t\t\t\t<img decoding=\"async\" width=\"1630\" height=\"860\" src=\"https:\/\/festivalnouvellesvueshaiti.com\/fr\/wp-content\/uploads\/2020\/11\/1_Projection-Rex-5-1630x860.jpg\" class=\"attachment-slider-content size-slider-content wp-image-465\" alt=\"\" \/>\t\t\t\t\t\t\t\t\t\t\t\t\t\t\t<\/div>\n\t\t\t\t<\/div>\n\t\t\t\t\t<\/div>\n\t\t<\/div>\n\t\t\t\t\t<\/div>\n\t\t<\/section>\n\t\t\t\t<section class=\"has_eae_slider elementor-section elementor-inner-section elementor-element elementor-element-ea7e56d elementor-section-boxed elementor-section-height-default elementor-section-height-default\" data-eae-slider=\"73774\" data-id=\"ea7e56d\" data-element_type=\"section\" data-e-type=\"section\">\n\t\t\t\t\t\t<div class=\"elementor-container elementor-column-gap-default\">\n\t\t\t\t\t<div class=\"has_eae_slider elementor-column elementor-col-100 elementor-inner-column elementor-element elementor-element-4be796e\" data-eae-slider=\"8644\" data-id=\"4be796e\" data-element_type=\"column\" data-e-type=\"column\" data-settings=\"{&quot;background_background&quot;:&quot;classic&quot;}\">\n\t\t\t<div class=\"elementor-widget-wrap elementor-element-populated\">\n\t\t\t\t\t\t<div class=\"elementor-element elementor-element-39232d3 elementor-widget elementor-widget-image\" data-id=\"39232d3\" data-element_type=\"widget\" data-e-type=\"widget\" data-widget_type=\"image.default\">\n\t\t\t\t<div class=\"elementor-widget-container\">\n\t\t\t\t\t\t\t\t\t\t\t\t\t\t\t<img loading=\"lazy\" decoding=\"async\" width=\"1630\" height=\"860\" src=\"https:\/\/festivalnouvellesvueshaiti.com\/fr\/wp-content\/uploads\/2020\/11\/5_DSC_5821-2-1630x860.jpg\" class=\"attachment-slider-content size-slider-content wp-image-464\" alt=\"\" \/>\t\t\t\t\t\t\t\t\t\t\t\t\t\t\t<\/div>\n\t\t\t\t<\/div>\n\t\t\t\t\t<\/div>\n\t\t<\/div>\n\t\t\t\t\t<\/div>\n\t\t<\/section>\n\t\t\t\t\t<\/div>\n\t\t<\/div>\n\t\t\t\t\t<\/div>\n\t\t<\/section>\n\t\t\t\t<\/div>\n\t\t","protected":false},"excerpt":{"rendered":"<p>Id\u00e9alement con\u00e7u pour f\u00e9d\u00e9rer les professionnel.le.s du cin\u00e9ma ha\u00eftien, le Festival Nouvelles Vues Ha\u00efti dessert depuis sa cr\u00e9ation celles et ceux qui cr\u00e9ent autant que celles<span class=\"excerpt-hellip\"> [\u2026]<\/span><\/p>\n","protected":false},"author":2,"featured_media":0,"parent":0,"menu_order":0,"comment_status":"closed","ping_status":"closed","template":"elementor_header_footer","meta":{"footnotes":""},"class_list":["post-459","page","type-page","status-publish","hentry"],"_links":{"self":[{"href":"https:\/\/festivalnouvellesvueshaiti.com\/fr\/wp-json\/wp\/v2\/pages\/459","targetHints":{"allow":["GET"]}}],"collection":[{"href":"https:\/\/festivalnouvellesvueshaiti.com\/fr\/wp-json\/wp\/v2\/pages"}],"about":[{"href":"https:\/\/festivalnouvellesvueshaiti.com\/fr\/wp-json\/wp\/v2\/types\/page"}],"author":[{"embeddable":true,"href":"https:\/\/festivalnouvellesvueshaiti.com\/fr\/wp-json\/wp\/v2\/users\/2"}],"replies":[{"embeddable":true,"href":"https:\/\/festivalnouvellesvueshaiti.com\/fr\/wp-json\/wp\/v2\/comments?post=459"}],"version-history":[{"count":20,"href":"https:\/\/festivalnouvellesvueshaiti.com\/fr\/wp-json\/wp\/v2\/pages\/459\/revisions"}],"predecessor-version":[{"id":1828,"href":"https:\/\/festivalnouvellesvueshaiti.com\/fr\/wp-json\/wp\/v2\/pages\/459\/revisions\/1828"}],"wp:attachment":[{"href":"https:\/\/festivalnouvellesvueshaiti.com\/fr\/wp-json\/wp\/v2\/media?parent=459"}],"curies":[{"name":"wp","href":"https:\/\/api.w.org\/{rel}","templated":true}]}}